{"id":3061,"date":"2025-03-05T04:33:20","date_gmt":"2025-03-05T01:33:20","guid":{"rendered":"https:\/\/silveshills.com\/contact\/"},"modified":"2025-12-03T16:43:56","modified_gmt":"2025-12-03T13:43:56","slug":"contact","status":"publish","type":"page","link":"https:\/\/silveshills.rktv.ee\/fr\/contact\/","title":{"rendered":"Contact"},"content":{"rendered":"\n<section class=\"contact-page-block\">\n    <div class=\"contact_block_wrap\">\n        <div class=\"contact_info_wrap\">\n            <div class=\"content-container\">\n                <h1 class=\"fade-in-up\">Contactez-nous pour en savoir plus<\/h1>\n\n                                <div class=\"sales-info\">\n                                            \n                                                <div class=\"info-section\">\n                            <h2>R\u00c9SERVER UNE MAISON<\/h2>\n                            <p>Nous concluons un accord de r\u00e9servation pour s\u00e9curiser votre parcelle jusqu\u2019\u00e0 la signature du contrat pr\u00e9liminaire conform\u00e9ment \u00e0 la loi.<\/p>\n<p>Cet accord reste valable 4 semaines. Pour confirmer la r\u00e9servation, un acompte de 10 000 \u20ac est requis (remboursable).<\/p>\n                        <\/div>\n                                                                    \n                                                <div class=\"info-section\">\n                            <h2>CONTRAT PR\u00c9LIMINAIRE<\/h2>\n                            <p>Le contrat pr\u00e9liminaire est conclu avec vous, dans lequel tous les d\u00e9tails de la transaction sont d\u00e9finis. <\/p>\n<p>Lors de la signature du contrat, nous vous demandons aimablement 10 % de la valeur de votre maison (d\u00e9duction faite des 10 000 \u20ac vers\u00e9s lors de la r\u00e9servation).<\/p>\n<p>Un autre 20 % est pay\u00e9 en avance au d\u00e9but des travaux d\u2019infrastructure et lors de la construction de votre maison sp\u00e9cifique. <\/p>\n<p>Les 70 % restants ne sont \u00e0 payer qu\u2019\u00e0 l\u2019acte final.<\/p>\n                        <\/div>\n                                                            <\/div>\n                            <\/div>\n\n            <div>\n                <div class=\"pricing-info\">\n                    <div class=\"pricing-column\">\n                        <h2 class=\"fade-in-up\">Le prix comprend<\/h2>\n                        <ul>\n                            <li><span>Villa incluant jardin, terrasse, piscine chauff\u00e9e et place de parking<\/span><\/li><li><span>Int\u00e9rieur : cuisine et appareils \u00e9lectrom\u00e9nagers, sanitaires (salles de bains et toilettes)<\/span><\/li>                        <\/ul>\n                    <\/div>\n\n                    <div class=\"pricing-column\">\n                        <h2 class=\"fade-in-up\">Le prix ne comprend pas<\/h2>\n                        <ul>\n                            <li><span>Frais de notaire et taxes li\u00e9s \u00e0 l\u2019achat<\/span><\/li><li><span>Pack mobilier complet (propos\u00e9 par nos soins)<\/span><\/li>                        <\/ul>\n                    <\/div>\n                <\/div>\n            <\/div>\n        <\/div>\n        <div class=\"contact_people_wrap\">\n            <div class=\"contact_person contact_person_1\">\n                                    <div class=\"profile-image\">\n                        <img decoding=\"async\" src=\"https:\/\/silveshills.rktv.ee\/wp-content\/uploads\/2025\/02\/de4818751a6c703c5872b38f73625786.webp\" alt=\"Vanessa Debeuf\">\n                    <\/div>\n                                <div class=\"person_info\">\n                                            <h4>Vanessa Debeuf<\/h4>\n                    \n                    <div class=\"info_top\">\n                        Langues: fran\u00e7ais, anglais, <\/br>\r\nallemand, n\u00e9erlandais, italien                    <\/div>\n\n                    <div class=\"info_btm\">\n                        <a href=\"tel:+33 66640 4634\">+33 66640 4634<\/a>\r\n<a href=\"mailto:vanessa@silveshills.com\">vanessa@silveshills.com<\/a>                    <\/div>\n                <\/div>\n            <\/div>\n            <div class=\"contact_person contact_person_2\">\n                                    <div class=\"profile-image\">\n                        <img decoding=\"async\" src=\"https:\/\/silveshills.rktv.ee\/wp-content\/uploads\/2025\/02\/4e3b1c77c527dacd3a5c658b33cc9f65.webp\" alt=\"Sandra Alliksaar\">\n                    <\/div>\n                                <div class=\"person_info\">\n                                            <h4>Sandra Alliksaar<\/h4>\n                    \n                    <div class=\"info_top\">\n                        Langues: anglais, su\u00e9dois, <\/br>\r\nestonien                    <\/div>\n\n                    <div class=\"info_btm\">\n                        <a href=\"tel:+372 5900 7027\">+372 5900 7027<\/a>\r\n<a href=\"mailto:sandra@invego.ee\">sandra@invego.ee<\/a>                    <\/div>\n                <\/div>\n            <\/div>\n        <\/div>\n\n            <\/div>\n<\/section>\n\n\n<section class=\"contact-form-block\" >\n            <div class=\"video-wrapper position-absolute top-0 start-0 w-100 h-100\">\n            <video autoplay muted loop playsinline id=\"bg-video\" class=\"w-100 h-100 d-block\">\n                <source src=\"https:\/\/silveshills.rktv.ee\/wp-content\/uploads\/2025\/11\/11955057_3840_2160_25fps-1-1-2.mp4\" type=\"video\/mp4\">\n                Your browser does not support HTML5 video.\n            <\/video>\n        <\/div>\n        \n    <div class=\"video-overlay-1 position-absolute top-0 start-0 w-100 h-100\"><\/div>\n    <div class=\"video-overlay-2 position-absolute top-0 start-0 w-100 h-100\"><\/div>\n\n    <div class=\"small_container small_container-main position-relative without_contacts\">\n        \n        <div class=\"contact-form-section\">\n                                        <h2 class=\"text-center w-100\">Contactez-nous pour en savoir plus<\/h2>\n                        \n            \n<div class=\"wpcf7 no-js\" id=\"wpcf7-f3142-o1\" lang=\"fr-FR\" dir=\"ltr\" data-wpcf7-id=\"3142\">\n<div class=\"screen-reader-response\"><p role=\"status\" aria-live=\"polite\" aria-atomic=\"true\"><\/p> <ul><\/ul><\/div>\n<form action=\"\/fr\/wp-json\/wp\/v2\/pages\/3061#wpcf7-f3142-o1\" method=\"post\" class=\"wpcf7-form init\" aria-label=\"Formulaire de contact\" novalidate=\"novalidate\" data-status=\"init\">\n<fieldset class=\"hidden-fields-container\"><input type=\"hidden\" name=\"_wpcf7\" value=\"3142\" \/><input type=\"hidden\" name=\"_wpcf7_version\" value=\"6.1.1\" \/><input type=\"hidden\" name=\"_wpcf7_locale\" value=\"fr_FR\" \/><input type=\"hidden\" name=\"_wpcf7_unit_tag\" value=\"wpcf7-f3142-o1\" \/><input type=\"hidden\" name=\"_wpcf7_container_post\" value=\"0\" \/><input type=\"hidden\" name=\"_wpcf7_posted_data_hash\" value=\"\" \/><input type=\"hidden\" name=\"_wpcf7_recaptcha_response\" value=\"\" \/>\n<\/fieldset>\n<div class=\"form_wrap\">\n<div class=\"form_top\">\n<label for=\"your-name\">Nom<\/label>\n<span class=\"wpcf7-form-control-wrap\" data-name=\"your-name\"><input size=\"40\" maxlength=\"400\" class=\"wpcf7-form-control wpcf7-text wpcf7-validates-as-required\" id=\"your-name\" aria-required=\"true\" aria-invalid=\"false\" placeholder=\"Nom\" value=\"\" type=\"text\" name=\"your-name\" \/><\/span>\n\n<label for=\"your-phone\">Num\u00e9ro de t\u00e9l\u00e9phone<\/label>\n<span class=\"wpcf7-form-control-wrap\" data-name=\"your-phone\"><input size=\"40\" class=\"wpcf7-form-control wpcf7-phonetext wpcf7-validates-as-required wpcf7-text wpcf7-validates-as-phonetext\" autocomplete=\"phone\" aria-required=\"true\" aria-invalid=\"false\" placeholder=\"Num\u00e9ro de t\u00e9l\u00e9phone\" value=\"\" type=\"text\" name=\"your-phone\" \/><input type=\"hidden\" name=\"your-phone-country-code\" class=\"wpcf7-phonetext-country-code\" \/><\/span>\n\n<label for=\"your-email\">E-mail<\/label>\n<span class=\"wpcf7-form-control-wrap\" data-name=\"your-email\"><input size=\"40\" maxlength=\"400\" class=\"wpcf7-form-control wpcf7-email wpcf7-validates-as-required wpcf7-text wpcf7-validates-as-email\" id=\"your-email\" aria-required=\"true\" aria-invalid=\"false\" placeholder=\"E-mail\" value=\"\" type=\"email\" name=\"your-email\" \/><\/span>\n<\/div>\n<div class=\"form_btm\">\n<label for=\"your-message\">Votre message (optionnel)<\/label>\n<span class=\"wpcf7-form-control-wrap\" data-name=\"your-message\"><textarea cols=\"40\" rows=\"10\" maxlength=\"2000\" class=\"wpcf7-form-control wpcf7-textarea\" id=\"your-message\" aria-invalid=\"false\" placeholder=\"Votre message (optionnel)\" name=\"your-message\"><\/textarea><\/span>\n\n<div class=\"cf7-consent-and-submit\">\n    <div class=\"cf7-consent\">\n        <span class=\"wpcf7-form-control-wrap\" data-name=\"acceptance-257\"><span class=\"wpcf7-form-control wpcf7-acceptance optional\"><span class=\"wpcf7-list-item\"><label><input type=\"checkbox\" name=\"acceptance-257\" value=\"1\" aria-invalid=\"false\" \/><span class=\"wpcf7-list-item-label\">J\u2019accepte les <a href=\"https:\/\/invego.ee\/en\/privacy-policy\/\" target=\"_blank\" rel=\"noopener\">conditions de traitement des donn\u00e9es.<\/a><\/span><\/label><\/span><\/span><\/span>\n    <\/div>\n\n    <input class=\"wpcf7-form-control wpcf7-submit has-spinner cf7-submit\" type=\"submit\" value=\"ENVOYEZ\" \/>\n<\/div>\n<input class=\"wpcf7-form-control wpcf7-hidden\" value=\"\" type=\"hidden\" name=\"your-house\" \/>\n<\/div>\n<\/div><div class=\"wpcf7-response-output\" aria-hidden=\"true\"><\/div>\n<\/form>\n<\/div>\n        <\/div>\n    <\/div>\n    \n    <\/section>","protected":false},"excerpt":{"rendered":"","protected":false},"author":1,"featured_media":0,"parent":0,"menu_order":0,"comment_status":"closed","ping_status":"closed","template":"page-templates\/template-custom-page.php","meta":{"_acf_changed":false,"footnotes":""},"class_list":["post-3061","page","type-page","status-publish","hentry"],"acf":[],"_links":{"self":[{"href":"https:\/\/silveshills.rktv.ee\/fr\/wp-json\/wp\/v2\/pages\/3061","targetHints":{"allow":["GET"]}}],"collection":[{"href":"https:\/\/silveshills.rktv.ee\/fr\/wp-json\/wp\/v2\/pages"}],"about":[{"href":"https:\/\/silveshills.rktv.ee\/fr\/wp-json\/wp\/v2\/types\/page"}],"author":[{"embeddable":true,"href":"https:\/\/silveshills.rktv.ee\/fr\/wp-json\/wp\/v2\/users\/1"}],"replies":[{"embeddable":true,"href":"https:\/\/silveshills.rktv.ee\/fr\/wp-json\/wp\/v2\/comments?post=3061"}],"version-history":[{"count":5,"href":"https:\/\/silveshills.rktv.ee\/fr\/wp-json\/wp\/v2\/pages\/3061\/revisions"}],"predecessor-version":[{"id":3696,"href":"https:\/\/silveshills.rktv.ee\/fr\/wp-json\/wp\/v2\/pages\/3061\/revisions\/3696"}],"wp:attachment":[{"href":"https:\/\/silveshills.rktv.ee\/fr\/wp-json\/wp\/v2\/media?parent=3061"}],"curies":[{"name":"wp","href":"https:\/\/api.w.org\/{rel}","templated":true}]}}