{"id":3069,"date":"2025-03-05T04:33:20","date_gmt":"2025-03-05T01:33:20","guid":{"rendered":"https:\/\/silveshills.com\/contact\/"},"modified":"2025-12-03T16:44:25","modified_gmt":"2025-12-03T13:44:25","slug":"kontakt","status":"publish","type":"page","link":"https:\/\/silveshills.rktv.ee\/de\/kontakt\/","title":{"rendered":"Kontakt"},"content":{"rendered":"\n<section class=\"contact-page-block\">\n    <div class=\"contact_block_wrap\">\n        <div class=\"contact_info_wrap\">\n            <div class=\"content-container\">\n                <h1 class=\"fade-in-up\">Verkaufsinformationen<\/h1>\n\n                                <div class=\"sales-info\">\n                                            \n                                                <div class=\"info-section\">\n                            <h2>RESERVIERUNG EINES GRUNDST\u00dcCKS<\/h2>\n                            <p>Wir schlie\u00dfen einen Reservierungsvertrag ab, um Ihr Grundst\u00fcck bis zum Abschluss des Vorvertrags gem\u00e4\u00df den gesetzlichen Bestimmungen zu sichern.<\/p>\n<p>Dieser Vertrag bleibt 4 Wochen lang g\u00fcltig. Zur Best\u00e4tigung des Reservierungsvertrags erheben wir eine Geb\u00fchr in H\u00f6he von 10.000 \u20ac (r\u00fcckerstattbar).<\/p>\n                        <\/div>\n                                                                    \n                                                <div class=\"info-section\">\n                            <h2>VORVERTRAG<\/h2>\n                            <p>Der Vorvertrag wird mit Ihnen abgeschlossen, in dem alle Transaktionsdetails vereinbart werden.<\/p>\n<p>Bei Vertragsunterzeichnung bitten wir Sie um Anzahlung von 10 % des Verkaufswerts (abz\u00fcglich der 10.000 \u20ac, die Sie bei der Reservierung gezahlt haben).<\/p>\n<p>Weitere 20 % sind im Voraus zu zahlen, und zwar zu Beginn der Infrastrukturarbeiten und wenn Ihr spezifisches Haus gebaut wird. <\/p>\n<p>Die restlichen 70 % sind erst bei der \u00dcbergabe zu zahlen.<\/p>\n                        <\/div>\n                                                            <\/div>\n                            <\/div>\n\n            <div>\n                <div class=\"pricing-info\">\n                    <div class=\"pricing-column\">\n                        <h2 class=\"fade-in-up\">Im Preis inbegriffen<\/h2>\n                        <ul>\n                            <li><span>Private Villa inkl. Garten, Terrasse, beheiztem Swimmingpool und Parkplatz<\/span><\/li><li><span>K\u00fcche und Ger\u00e4te, Sanit\u00e4ranlagen (Badezimmer und Toiletten)<\/span><\/li>                        <\/ul>\n                    <\/div>\n\n                    <div class=\"pricing-column\">\n                        <h2 class=\"fade-in-up\">Im Preis nicht inbegriffen<\/h2>\n                        <ul>\n                            <li><span>Notar- und staatliche Geb\u00fchren im Zusammenhang mit dem Kauf<\/span><\/li><li><span>Komplettpaket freistehender M\u00f6bel (von uns vorgeschlagen)<\/span><\/li>                        <\/ul>\n                    <\/div>\n                <\/div>\n            <\/div>\n        <\/div>\n        <div class=\"contact_people_wrap\">\n            <div class=\"contact_person contact_person_1\">\n                                    <div class=\"profile-image\">\n                        <img decoding=\"async\" src=\"https:\/\/silveshills.rktv.ee\/wp-content\/uploads\/2025\/02\/de4818751a6c703c5872b38f73625786.webp\" alt=\"Vanessa Debeuf\">\n                    <\/div>\n                                <div class=\"person_info\">\n                                            <h4>Vanessa Debeuf<\/h4>\n                    \n                    <div class=\"info_top\">\n                        Sprachen: Englisch, Deutsch, <\/br>\r\nFranz\u00f6sisch, Niederl\u00e4nisch, Italienisch                    <\/div>\n\n                    <div class=\"info_btm\">\n                        <a href=\"tel:+33 66640 4634\">+33 66640 4634<\/a>\r\n<a href=\"mailto:vanessa@silveshills.com\">vanessa@silveshills.com<\/a>                    <\/div>\n                <\/div>\n            <\/div>\n            <div class=\"contact_person contact_person_2\">\n                                    <div class=\"profile-image\">\n                        <img decoding=\"async\" src=\"https:\/\/silveshills.rktv.ee\/wp-content\/uploads\/2025\/02\/4e3b1c77c527dacd3a5c658b33cc9f65.webp\" alt=\"Sandra Alliksaar\">\n                    <\/div>\n                                <div class=\"person_info\">\n                                            <h4>Sandra Alliksaar<\/h4>\n                    \n                    <div class=\"info_top\">\n                        Sprachen: Englisch, Schwedisch, <\/br>\r\nEstnisch                    <\/div>\n\n                    <div class=\"info_btm\">\n                        <a href=\"tel:+372 5900 7027\">+372 5900 7027<\/a>\r\n<a href=\"mailto:sandra@invego.ee\">sandra@invego.ee<\/a>                    <\/div>\n                <\/div>\n            <\/div>\n        <\/div>\n\n            <\/div>\n<\/section>\n\n\n<section class=\"contact-form-block\" >\n            <div class=\"video-wrapper position-absolute top-0 start-0 w-100 h-100\">\n            <video autoplay muted loop playsinline id=\"bg-video\" class=\"w-100 h-100 d-block\">\n                <source src=\"https:\/\/silveshills.rktv.ee\/wp-content\/uploads\/2025\/11\/11955057_3840_2160_25fps-1-1.mp4\" type=\"video\/mp4\">\n                Your browser does not support HTML5 video.\n            <\/video>\n        <\/div>\n        \n    <div class=\"video-overlay-1 position-absolute top-0 start-0 w-100 h-100\"><\/div>\n    <div class=\"video-overlay-2 position-absolute top-0 start-0 w-100 h-100\"><\/div>\n\n    <div class=\"small_container small_container-main position-relative without_contacts\">\n        \n        <div class=\"contact-form-section\">\n                                        <h2 class=\"text-center w-100\">Lassen Sie uns in Kontakt treten \u2013 wenden Sie sich an uns, um mehr zu erfahren.<\/h2>\n                        \n            \n<div class=\"wpcf7 no-js\" id=\"wpcf7-f3143-o1\" lang=\"de-DE\" dir=\"ltr\" data-wpcf7-id=\"3143\">\n<div class=\"screen-reader-response\"><p role=\"status\" aria-live=\"polite\" aria-atomic=\"true\"><\/p> <ul><\/ul><\/div>\n<form action=\"\/de\/wp-json\/wp\/v2\/pages\/3069#wpcf7-f3143-o1\" method=\"post\" class=\"wpcf7-form init\" aria-label=\"Kontaktformular\" novalidate=\"novalidate\" data-status=\"init\">\n<fieldset class=\"hidden-fields-container\"><input type=\"hidden\" name=\"_wpcf7\" value=\"3143\" \/><input type=\"hidden\" name=\"_wpcf7_version\" value=\"6.1.1\" \/><input type=\"hidden\" name=\"_wpcf7_locale\" value=\"de_DE\" \/><input type=\"hidden\" name=\"_wpcf7_unit_tag\" value=\"wpcf7-f3143-o1\" \/><input type=\"hidden\" name=\"_wpcf7_container_post\" value=\"0\" \/><input type=\"hidden\" name=\"_wpcf7_posted_data_hash\" value=\"\" \/><input type=\"hidden\" name=\"_wpcf7_recaptcha_response\" value=\"\" \/>\n<\/fieldset>\n<div class=\"form_wrap\">\n<div class=\"form_top\">\n<label for=\"your-name\">Name<\/label>\n<span class=\"wpcf7-form-control-wrap\" data-name=\"your-name\"><input size=\"40\" maxlength=\"400\" class=\"wpcf7-form-control wpcf7-text wpcf7-validates-as-required\" id=\"your-name\" aria-required=\"true\" aria-invalid=\"false\" placeholder=\"Name\" value=\"\" type=\"text\" name=\"your-name\" \/><\/span>\n\n<label for=\"your-phone\">Telefonnummer<\/label>\n<span class=\"wpcf7-form-control-wrap\" data-name=\"your-phone\"><input size=\"40\" class=\"wpcf7-form-control wpcf7-phonetext wpcf7-validates-as-required wpcf7-text wpcf7-validates-as-phonetext\" autocomplete=\"phone\" aria-required=\"true\" aria-invalid=\"false\" placeholder=\"Telefonnummer\" value=\"\" type=\"text\" name=\"your-phone\" \/><input type=\"hidden\" name=\"your-phone-country-code\" class=\"wpcf7-phonetext-country-code\" \/><\/span>\n\n<label for=\"your-email\">E-Mail-Adresse<\/label>\n<span class=\"wpcf7-form-control-wrap\" data-name=\"your-email\"><input size=\"40\" maxlength=\"400\" class=\"wpcf7-form-control wpcf7-email wpcf7-validates-as-required wpcf7-text wpcf7-validates-as-email\" id=\"your-email\" aria-required=\"true\" aria-invalid=\"false\" placeholder=\"E-Mail-Adresse\" value=\"\" type=\"email\" name=\"your-email\" \/><\/span>\n<\/div>\n<div class=\"form_btm\">\n<label for=\"your-message\">Ihre Nachricht (optional)<\/label>\n<span class=\"wpcf7-form-control-wrap\" data-name=\"your-message\"><textarea cols=\"40\" rows=\"10\" maxlength=\"2000\" class=\"wpcf7-form-control wpcf7-textarea\" id=\"your-message\" aria-invalid=\"false\" placeholder=\"Ihre Nachricht (optional)\" name=\"your-message\"><\/textarea><\/span>\n\n<div class=\"cf7-consent-and-submit\">\n    <div class=\"cf7-consent\">\n        <span class=\"wpcf7-form-control-wrap\" data-name=\"acceptance-257\"><span class=\"wpcf7-form-control wpcf7-acceptance optional\"><span class=\"wpcf7-list-item\"><label><input type=\"checkbox\" name=\"acceptance-257\" value=\"1\" aria-invalid=\"false\" \/><span class=\"wpcf7-list-item-label\">Ich stimme <a href=\"https:\/\/invego.ee\/en\/privacy-policy\/\" target=\"_blank\" rel=\"noopener\">den Bedingungen der Datenverarbeitung zu.<\/a><\/span><\/label><\/span><\/span><\/span>\n    <\/div>\n\n    <input class=\"wpcf7-form-control wpcf7-submit has-spinner cf7-submit\" type=\"submit\" value=\"SENDEN\" \/>\n<\/div>\n<input class=\"wpcf7-form-control wpcf7-hidden\" value=\"\" type=\"hidden\" name=\"your-house\" \/>\n<\/div>\n<\/div><div class=\"wpcf7-response-output\" aria-hidden=\"true\"><\/div>\n<\/form>\n<\/div>\n        <\/div>\n    <\/div>\n    \n    <\/section>","protected":false},"excerpt":{"rendered":"","protected":false},"author":1,"featured_media":0,"parent":0,"menu_order":0,"comment_status":"closed","ping_status":"closed","template":"page-templates\/template-custom-page.php","meta":{"_acf_changed":false,"footnotes":""},"class_list":["post-3069","page","type-page","status-publish","hentry"],"acf":[],"_links":{"self":[{"href":"https:\/\/silveshills.rktv.ee\/de\/wp-json\/wp\/v2\/pages\/3069","targetHints":{"allow":["GET"]}}],"collection":[{"href":"https:\/\/silveshills.rktv.ee\/de\/wp-json\/wp\/v2\/pages"}],"about":[{"href":"https:\/\/silveshills.rktv.ee\/de\/wp-json\/wp\/v2\/types\/page"}],"author":[{"embeddable":true,"href":"https:\/\/silveshills.rktv.ee\/de\/wp-json\/wp\/v2\/users\/1"}],"replies":[{"embeddable":true,"href":"https:\/\/silveshills.rktv.ee\/de\/wp-json\/wp\/v2\/comments?post=3069"}],"version-history":[{"count":7,"href":"https:\/\/silveshills.rktv.ee\/de\/wp-json\/wp\/v2\/pages\/3069\/revisions"}],"predecessor-version":[{"id":3697,"href":"https:\/\/silveshills.rktv.ee\/de\/wp-json\/wp\/v2\/pages\/3069\/revisions\/3697"}],"wp:attachment":[{"href":"https:\/\/silveshills.rktv.ee\/de\/wp-json\/wp\/v2\/media?parent=3069"}],"curies":[{"name":"wp","href":"https:\/\/api.w.org\/{rel}","templated":true}]}}