{"id":3017,"date":"2025-02-26T11:31:35","date_gmt":"2025-02-26T08:31:35","guid":{"rendered":"https:\/\/silveshills.com\/location\/"},"modified":"2025-12-03T17:04:41","modified_gmt":"2025-12-03T14:04:41","slug":"ort","status":"publish","type":"page","link":"https:\/\/silveshills.rktv.ee\/de\/ort\/","title":{"rendered":"Ort"},"content":{"rendered":"\n    <section class=\"hero hero-video-block\">\n        <div class=\"video-wrapper\">\n            <video autoplay muted loop playsinline id=\"bg-video\">\n                <source src=\"https:\/\/silveshills.rktv.ee\/wp-content\/uploads\/2025\/03\/Location-lehel-esimene-video-paises-1-1.mp4\" type=\"video\/mp4\">\n                Your browser does not support HTML5 video.\n            <\/video>\n        <\/div>\n\n        <div class=\"hero-content\">\n                            <h1>Silves Hills Lage<\/h1>\n                    <\/div>\n            <\/section>\n\n\n\n<section id=\"map_background\" class=\"map-background-block\" >\n    <div class=\"container position-relative\">\n        <div class=\"row align-items-center\">\n            <div class=\"map-background-content col col-md-6 col-12 d-flex justify-content-center\">\n                <div class=\"map-background-content-inside text-md-start text-center\">\n                                            <div class=\"subtitle-text\">\n                            <p>SILVES HILLS<\/p>\n                        <\/div>\n                    \n                                            <div class=\"map_bg_text\">\n                            <h2>absolute<br \/>\nsweet spot<\/h2>\n<p><span style=\"font-weight: 400;\">Wo unber\u00fchrte Natur auf das Herz der Algarve trifft. Ein Zufluchtsort der Ausgeglichenheit und des Wohlbefindens \u2013 ruhig, abgeschieden und dennoch gut angebunden.<\/span><\/p>\n                        <\/div>\n                    \n                                            <a href=\"#map-block\" \n                            class=\"btn\"\n                            target=\"_self\">\n                            Lage                        <\/a>\n                                    <\/div>\n            <\/div>\n                            <div class=\"image-col col col-md-6 col-12\">\n                    <div class=\"image-wrap text-end\">\n                        <img decoding=\"async\" src=\"https:\/\/silveshills.rktv.ee\/wp-content\/uploads\/2025\/11\/Group-2740-3.svg\" width=\"716\" height=\"973\" alt=\"\" \/>\n                    <\/div>\n                <\/div>\n                    <\/div>\n    <\/div>\n<\/section>\n\n\n<section class=\"video-block\" >\n    <div class=\"video-wrapper\">\n        <video autoplay muted loop playsinline id=\"bg-video\">\n            <source src=\"https:\/\/silveshills.rktv.ee\/wp-content\/uploads\/2025\/03\/0d55-412e-84de-04af5d0a8a41-1.mp4\" type=\"video\/mp4\">\n            Your browser does not support HTML5 video.\n        <\/video>\n    <\/div>\n\n    <\/section>\n\n\n\n\n<section  class=\"three-columns-block\">\n    <div class=\"container\">\n                <div class=\"col-row d-flex\">\n                            <div class=\"img-container\">\n                    <div class=\"img-wrapper position-relative h-100 overflow-hidden\">\n                        <img decoding=\"async\" class=\"position-absolute w-100 h-100\" src=\"https:\/\/silveshills.rktv.ee\/wp-content\/uploads\/2025\/12\/shutterstock_2210367441-1-min-1-1.webp\" alt=\"\">\n                    <\/div>\n                <\/div>\n                        <div class=\"text-container fade-in-up d-flex align-items-center text-lg-start text-center\">\n                <div class=\"text-wrapper\">\n                                            <div class=\"subtitle-text\">\n                            <p>ABSTAND 0 KM<\/p>\n                        <\/div>\n                    \n                                            <div class=\"column-content d-flex flex-column align-items-lg-start align-items-center\">\n                            <h2>Monchique-<br \/>\nGebirge<\/h2>\n<p>Im Westen erhebt sich das Monchique-Gebirge in bewaldeter Stille und bietet malerische Wanderwege, Wellness-Oasen und Thermalquellen. Im nahe gelegenen Caldas de Monchique flie\u00dft noch immer Heilwasser, das schon in der R\u00f6merzeit bekannt war.<\/p>\n                        <\/div>\n                                    <\/div>\n            <\/div>\n        <\/div>\n                <div class=\"col-row d-flex\">\n                            <div class=\"img-container\">\n                    <div class=\"img-wrapper position-relative h-100 overflow-hidden\">\n                        <img decoding=\"async\" class=\"position-absolute w-100 h-100\" src=\"https:\/\/silveshills.rktv.ee\/wp-content\/uploads\/2025\/11\/shutterstock_1323132176-1-min-2.webp\" alt=\"\">\n                    <\/div>\n                <\/div>\n                        <div class=\"text-container fade-in-up d-flex align-items-center text-lg-start text-center\">\n                <div class=\"text-wrapper\">\n                                            <div class=\"subtitle-text\">\n                            <p>ABSTAND 1,8 KM<\/p>\n                        <\/div>\n                    \n                                            <div class=\"column-content d-flex flex-column align-items-lg-start align-items-center\">\n                            <h2>Die historische<br \/>\nStadt Silves<\/h2>\n<p>Nur wenige Minuten entfernt liegt Silves, die ehemalige Hauptstadt der Algarve \u2013 reich an maurischer Geschichte und gekr\u00f6nt von einer Burg aus rotem Stein. Hier finden Sie die perfekte Mischung aus kultureller Tiefe und ruhigem Charme, nur wenige Minuten von Ihrem R\u00fcckzugsort entfernt.<\/p>\n                        <\/div>\n                                    <\/div>\n            <\/div>\n        <\/div>\n                <div class=\"col-row d-flex\">\n                            <div class=\"img-container\">\n                    <div class=\"img-wrapper position-relative h-100 overflow-hidden\">\n                        <img decoding=\"async\" class=\"position-absolute w-100 h-100\" src=\"https:\/\/silveshills.rktv.ee\/wp-content\/uploads\/2025\/12\/shutterstock_1323132176-2-min-1-1.webp\" alt=\"\">\n                    <\/div>\n                <\/div>\n                        <div class=\"text-container fade-in-up d-flex align-items-center text-lg-start text-center\">\n                <div class=\"text-wrapper\">\n                                            <div class=\"subtitle-text\">\n                            <p>ABSTAND 30 KM<\/p>\n                        <\/div>\n                    \n                                            <div class=\"column-content d-flex flex-column align-items-lg-start align-items-center\">\n                            <h2>Praia da<br \/>\nFal\u00e9sia<\/h2>\n<p>Wo feurig rote Klippen auf den endlosen Atlantik treffen, erstreckt sich Praia da Fal\u00e9sia \u00fcber 6 km \u2013 ein goldenes Sandband, hinter dem sich rostfarbene Steilk\u00fcsten und windgekr\u00fcmmte Kiefern erheben. Spazieren Sie bei Sonnenaufgang entlang des Strandes und f\u00fchlen Sie sich wie der einzige Mensch auf Erden.<\/p>\n                        <\/div>\n                                    <\/div>\n            <\/div>\n        <\/div>\n            <\/div>\n<\/section>\n\n\n<section class=\"cta-block text-center\" >\n    <div class=\"small_container\">\n        <div class=\"cta_content\">\n            \n                            <div class=\"cta_text fade-in-up\"><h2>Erleben Sie wahre Ausgeglichenheit: Natur, Erholung und Kultur in einem einzigartigen Urlaubsort an der Algarve.<\/h2>\n<\/div>\n            \n                    <\/div>\n    <\/div>\n<\/section>\n\n\n<section id=\"slider_section\" class=\"slider_wrapper image-boxes-slider-block\" >\n    <div class=\"slider-container\">\n        <div class=\"swiper image-boxes-slider\">\n            <div class=\"swiper-wrapper\">\n                                    <div class=\"swiper-slide\">\n                                                    <div class=\"img_container\">\n                                <img decoding=\"async\" src=\"https:\/\/silveshills.rktv.ee\/wp-content\/uploads\/2025\/02\/slide4.webp\" alt=\"\">\n                            <\/div>\n                                                <div class=\"slide_content\">\n                                                            <p>\u00dcber 100 km lange malerische rad- und wanderwege.<\/p>\n                                                    <\/div>\n                    <\/div>\n                                    <div class=\"swiper-slide\">\n                                                    <div class=\"img_container\">\n                                <img decoding=\"async\" src=\"https:\/\/silveshills.rktv.ee\/wp-content\/uploads\/2025\/02\/f0e99ea5ada2c3d391303311b5e5a273.webp\" alt=\"\">\n                            <\/div>\n                                                <div class=\"slide_content\">\n                                                            <p>\u00dcber 15 erstklassige Golfpl\u00e4tze sind innerhalb von 15 Minuten erreichbar.<\/p>\n                                                    <\/div>\n                    <\/div>\n                                    <div class=\"swiper-slide\">\n                                                    <div class=\"img_container\">\n                                <img decoding=\"async\" src=\"https:\/\/silveshills.rktv.ee\/wp-content\/uploads\/2025\/02\/slide2.webp\" alt=\"\">\n                            <\/div>\n                                                <div class=\"slide_content\">\n                                                            <p>Tennis- und Padelpl\u00e4tze befinden sich in unmittelbarer N\u00e4he.<\/p>\n                                                    <\/div>\n                    <\/div>\n                                    <div class=\"swiper-slide\">\n                                                    <div class=\"img_container\">\n                                <img decoding=\"async\" src=\"https:\/\/silveshills.rktv.ee\/wp-content\/uploads\/2025\/02\/slide3.webp\" alt=\"\">\n                            <\/div>\n                                                <div class=\"slide_content\">\n                                                            <p>Frische Produkte von lokalen Bauernh\u00f6fen; in der N\u00e4he sind Weinberge und Olivenhaine.<\/p>\n                                                    <\/div>\n                    <\/div>\n                                    <div class=\"swiper-slide\">\n                                                    <div class=\"img_container\">\n                                <img decoding=\"async\" src=\"https:\/\/silveshills.rktv.ee\/wp-content\/uploads\/2025\/02\/08b807e982e52c687075a1e4d8441ddd.webp\" alt=\"\">\n                            <\/div>\n                                                <div class=\"slide_content\">\n                                                            <p>Eine grosse auswahl an atemberaubenden str\u00e4nden in der n\u00e4he.<\/p>\n                                                    <\/div>\n                    <\/div>\n                                    <div class=\"swiper-slide\">\n                                                    <div class=\"img_container\">\n                                <img decoding=\"async\" src=\"https:\/\/silveshills.rktv.ee\/wp-content\/uploads\/2025\/02\/79eff887d690d84933e15efac2601417.webp\" alt=\"\">\n                            <\/div>\n                                                <div class=\"slide_content\">\n                                                            <p>Clubhaus mit 24\/7-concierge, umfassendem service<\/p>\n                                                    <\/div>\n                    <\/div>\n                                    <div class=\"swiper-slide\">\n                                                    <div class=\"img_container\">\n                                <img decoding=\"async\" src=\"https:\/\/silveshills.rktv.ee\/wp-content\/uploads\/2025\/02\/slide1.webp\" alt=\"\">\n                            <\/div>\n                                                <div class=\"slide_content\">\n                                                            <p>Jede villa verf\u00fcgt \u00fcber einen privaten beheizten pool.<\/p>\n                                                    <\/div>\n                    <\/div>\n                            <\/div>\n        <\/div>\n    <\/div>\n<\/section>\n\n\n\n\n<section class=\"text-block-image-background-block\" \n    style=\"background-image: url('https:\/\/silveshills.rktv.ee\/wp-content\/uploads\/2025\/03\/Quinta-do-Pateiro_270123-1-23-2-1-1.webp');\">\n    \n        <div class=\"small_container\">\n\n            <div class=\"text-content fade-in-up\">\n                                    <div class=\"subtitle-text\">\n                        <p>Das Silves-Hills Resort ist mehr als nur ein Reiseziel<\/p>\n                    <\/div>\n                                <h2>Es ist ein Ort, an dem man zu jeder Jahreszeit gut leben kann.<\/h2>\n            <\/div>\n\n        <\/div>\n<\/section>\n\n\n<p><\/p>\n","protected":false},"excerpt":{"rendered":"","protected":false},"author":1,"featured_media":0,"parent":0,"menu_order":0,"comment_status":"closed","ping_status":"closed","template":"page-templates\/template-custom-page.php","meta":{"_acf_changed":false,"footnotes":""},"class_list":["post-3017","page","type-page","status-publish","hentry"],"acf":[],"_links":{"self":[{"href":"https:\/\/silveshills.rktv.ee\/de\/wp-json\/wp\/v2\/pages\/3017","targetHints":{"allow":["GET"]}}],"collection":[{"href":"https:\/\/silveshills.rktv.ee\/de\/wp-json\/wp\/v2\/pages"}],"about":[{"href":"https:\/\/silveshills.rktv.ee\/de\/wp-json\/wp\/v2\/types\/page"}],"author":[{"embeddable":true,"href":"https:\/\/silveshills.rktv.ee\/de\/wp-json\/wp\/v2\/users\/1"}],"replies":[{"embeddable":true,"href":"https:\/\/silveshills.rktv.ee\/de\/wp-json\/wp\/v2\/comments?post=3017"}],"version-history":[{"count":5,"href":"https:\/\/silveshills.rktv.ee\/de\/wp-json\/wp\/v2\/pages\/3017\/revisions"}],"predecessor-version":[{"id":3712,"href":"https:\/\/silveshills.rktv.ee\/de\/wp-json\/wp\/v2\/pages\/3017\/revisions\/3712"}],"wp:attachment":[{"href":"https:\/\/silveshills.rktv.ee\/de\/wp-json\/wp\/v2\/media?parent=3017"}],"curies":[{"name":"wp","href":"https:\/\/api.w.org\/{rel}","templated":true}]}}